{"id":3558,"date":"2022-08-12T12:23:47","date_gmt":"2022-08-12T12:23:47","guid":{"rendered":"http:\/\/www.granopool.com\/?post_type=product&#038;p=3558"},"modified":"2022-08-12T12:23:47","modified_gmt":"2022-08-12T12:23:47","slug":"12-5x25-cizgili-tutamak","status":"publish","type":"product","link":"http:\/\/www.granopool.com\/index.php\/urun\/12-5x25-cizgili-tutamak\/","title":{"rendered":"12.5X25 \u00c7\u0130ZG\u0130L\u0130 TUTAMAK"},"content":{"rendered":"<p>Detayl\u0131 bilgi i\u00e7in ileti\u015fime ge\u00e7iniz.<\/p>\n","protected":false},"excerpt":{"rendered":"<p>Detayl\u0131 bilgi i\u00e7in ileti\u015fime ge\u00e7iniz.<\/p>\n","protected":false},"featured_media":3559,"comment_status":"open","ping_status":"closed","template":"","meta":[],"product_cat":[133],"product_tag":[129,122,131,132,130,128,127,123,125,126,124],"_links":{"self":[{"href":"http:\/\/www.granopool.com\/index.php\/wp-json\/wp\/v2\/product\/3558"}],"collection":[{"href":"http:\/\/www.granopool.com\/index.php\/wp-json\/wp\/v2\/product"}],"about":[{"href":"http:\/\/www.granopool.com\/index.php\/wp-json\/wp\/v2\/types\/product"}],"replies":[{"embeddable":true,"href":"http:\/\/www.granopool.com\/index.php\/wp-json\/wp\/v2\/comments?post=3558"}],"wp:featuredmedia":[{"embeddable":true,"href":"http:\/\/www.granopool.com\/index.php\/wp-json\/wp\/v2\/media\/3559"}],"wp:attachment":[{"href":"http:\/\/www.granopool.com\/index.php\/wp-json\/wp\/v2\/media?parent=3558"}],"wp:term":[{"taxonomy":"product_cat","embeddable":true,"href":"http:\/\/www.granopool.com\/index.php\/wp-json\/wp\/v2\/product_cat?post=3558"},{"taxonomy":"product_tag","embeddable":true,"href":"http:\/\/www.granopool.com\/index.php\/wp-json\/wp\/v2\/product_tag?post=3558"}],"curies":[{"name":"wp","href":"https:\/\/api.w.org\/{rel}","templated":true}]}}